{"id":297,"date":"2019-11-05T14:22:12","date_gmt":"2019-11-05T13:22:12","guid":{"rendered":"https:\/\/novi24.pl\/strona-glowna\/"},"modified":"2020-12-29T12:41:20","modified_gmt":"2020-12-29T11:41:20","slug":"strona-glowna","status":"publish","type":"page","link":"https:\/\/novi24.pl\/de\/","title":{"rendered":"Strona g\u0142\u00f3wna"},"content":{"rendered":"<h1>Wir sind Spezialisten im N\u00e4hen<br \/>\nf\u00fcr die M\u00f6belindustrie.<\/h1>\n<p>Unser Leistungsspektrum umfasst die Fertigung von Bez\u00fcgen f\u00fcr M\u00f6bel sowie die Fertigung von Kopfteilen, Kissen und Sitzen f\u00fcr f\u00fchrende M\u00f6belhersteller. Die Polsterelemente werden aus den besten Bezugsstoffen und Materialien hergestellt und sind in einer vielf\u00e4ltigen Farbpalette erh\u00e4ltlich, wodurch sie den Anforderungen an Design und Best\u00e4ndigkeit entsprechen. Unsere Bez\u00fcge f\u00fcr M\u00f6bel sowie die Kopfteile, Kissen und Sitze kennzeichnen sich durch exquisite N\u00e4hausf\u00fchrung, minimalistische Formensprache und vielf\u00e4ltige Designs, wodurch sie zu jeder Raumeinrichtung passen.<\/p>\n","protected":false},"excerpt":{"rendered":"Wir sind Spezialisten im N\u00e4hen f\u00fcr die M\u00f6belindustrie. Unser Leistungsspektrum umfasst die Fertigung von Bez\u00fcgen f\u00fcr M\u00f6bel sowie die Fertigung von Kopfteilen, Kissen und Sitzen f\u00fcr f\u00fchrende M\u00f6belhersteller. Die Polsterelemente werden aus den besten Bezugsstoffen und Materialien hergestellt und sind in einer vielf\u00e4ltigen Farbpalette erh\u00e4ltlich, wodurch sie den Anforderungen an Design und Best\u00e4ndigkeit entsprechen. Unsere [&hellip;]","protected":false},"author":1,"featured_media":299,"parent":0,"menu_order":13,"comment_status":"closed","ping_status":"closed","template":"","meta":{"inline_featured_image":false},"acf":[],"yoast_head":"<!-- This site is optimized with the Yoast SEO plugin v19.4 - https:\/\/yoast.com\/wordpress\/plugins\/seo\/ -->\n<title>Strona g\u0142\u00f3wna - Novi<\/title>\n<meta name=\"robots\" content=\"index, follow, max-snippet:-1, max-image-preview:large, max-video-preview:-1\" \/>\n<link rel=\"canonical\" href=\"https:\/\/novi24.pl\/de\/\" \/>\n<meta property=\"og:locale\" content=\"de_DE\" \/>\n<meta property=\"og:type\" content=\"article\" \/>\n<meta property=\"og:title\" content=\"Strona g\u0142\u00f3wna - Novi\" \/>\n<meta property=\"og:description\" content=\"Wir sind Spezialisten im N\u00e4hen f\u00fcr die M\u00f6belindustrie. Unser Leistungsspektrum umfasst die Fertigung von Bez\u00fcgen f\u00fcr M\u00f6bel sowie die Fertigung von Kopfteilen, Kissen und Sitzen f\u00fcr f\u00fchrende M\u00f6belhersteller. Die Polsterelemente werden aus den besten Bezugsstoffen und Materialien hergestellt und sind in einer vielf\u00e4ltigen Farbpalette erh\u00e4ltlich, wodurch sie den Anforderungen an Design und Best\u00e4ndigkeit entsprechen. Unsere [&hellip;]\" \/>\n<meta property=\"og:url\" content=\"https:\/\/novi24.pl\/de\/\" \/>\n<meta property=\"og:site_name\" content=\"Novi\" \/>\n<meta property=\"article:modified_time\" content=\"2020-12-29T11:41:20+00:00\" \/>\n<meta property=\"og:image\" content=\"https:\/\/novi24.pl\/wp-content\/uploads\/2020\/10\/front.png\" \/>\n\t<meta property=\"og:image:width\" content=\"524\" \/>\n\t<meta property=\"og:image:height\" content=\"350\" \/>\n\t<meta property=\"og:image:type\" content=\"image\/png\" \/>\n<meta name=\"twitter:card\" content=\"summary_large_image\" \/>\n<script type=\"application\/ld+json\" class=\"yoast-schema-graph\">{\"@context\":\"https:\/\/schema.org\",\"@graph\":[{\"@type\":\"WebSite\",\"@id\":\"https:\/\/novi24.pl\/de\/#website\",\"url\":\"https:\/\/novi24.pl\/de\/\",\"name\":\"Novi\",\"description\":\"\",\"potentialAction\":[{\"@type\":\"SearchAction\",\"target\":{\"@type\":\"EntryPoint\",\"urlTemplate\":\"https:\/\/novi24.pl\/de\/?s={search_term_string}\"},\"query-input\":\"required name=search_term_string\"}],\"inLanguage\":\"de\"},{\"@type\":\"WebPage\",\"@id\":\"https:\/\/novi24.pl\/de\/\",\"url\":\"https:\/\/novi24.pl\/de\/\",\"name\":\"Strona g\u0142\u00f3wna - Novi\",\"isPartOf\":{\"@id\":\"https:\/\/novi24.pl\/de\/#website\"},\"datePublished\":\"2019-11-05T13:22:12+00:00\",\"dateModified\":\"2020-12-29T11:41:20+00:00\",\"breadcrumb\":{\"@id\":\"https:\/\/novi24.pl\/de\/#breadcrumb\"},\"inLanguage\":\"de\",\"potentialAction\":[{\"@type\":\"ReadAction\",\"target\":[\"https:\/\/novi24.pl\/de\/\"]}]},{\"@type\":\"BreadcrumbList\",\"@id\":\"https:\/\/novi24.pl\/de\/#breadcrumb\",\"itemListElement\":[{\"@type\":\"ListItem\",\"position\":1,\"name\":\"Home\",\"item\":\"https:\/\/novi24.pl\/de\/\"},{\"@type\":\"ListItem\",\"position\":2,\"name\":\"Strona g\u0142\u00f3wna\"}]}]}<\/script>\n<!-- \/ Yoast SEO plugin. -->","yoast_head_json":{"title":"Strona g\u0142\u00f3wna - Novi","robots":{"index":"index","follow":"follow","max-snippet":"max-snippet:-1","max-image-preview":"max-image-preview:large","max-video-preview":"max-video-preview:-1"},"canonical":"https:\/\/novi24.pl\/de\/","og_locale":"de_DE","og_type":"article","og_title":"Strona g\u0142\u00f3wna - Novi","og_description":"Wir sind Spezialisten im N\u00e4hen f\u00fcr die M\u00f6belindustrie. Unser Leistungsspektrum umfasst die Fertigung von Bez\u00fcgen f\u00fcr M\u00f6bel sowie die Fertigung von Kopfteilen, Kissen und Sitzen f\u00fcr f\u00fchrende M\u00f6belhersteller. Die Polsterelemente werden aus den besten Bezugsstoffen und Materialien hergestellt und sind in einer vielf\u00e4ltigen Farbpalette erh\u00e4ltlich, wodurch sie den Anforderungen an Design und Best\u00e4ndigkeit entsprechen. Unsere [&hellip;]","og_url":"https:\/\/novi24.pl\/de\/","og_site_name":"Novi","article_modified_time":"2020-12-29T11:41:20+00:00","og_image":[{"width":524,"height":350,"url":"https:\/\/novi24.pl\/wp-content\/uploads\/2020\/10\/front.png","type":"image\/png"}],"twitter_card":"summary_large_image","schema":{"@context":"https:\/\/schema.org","@graph":[{"@type":"WebSite","@id":"https:\/\/novi24.pl\/de\/#website","url":"https:\/\/novi24.pl\/de\/","name":"Novi","description":"","potentialAction":[{"@type":"SearchAction","target":{"@type":"EntryPoint","urlTemplate":"https:\/\/novi24.pl\/de\/?s={search_term_string}"},"query-input":"required name=search_term_string"}],"inLanguage":"de"},{"@type":"WebPage","@id":"https:\/\/novi24.pl\/de\/","url":"https:\/\/novi24.pl\/de\/","name":"Strona g\u0142\u00f3wna - Novi","isPartOf":{"@id":"https:\/\/novi24.pl\/de\/#website"},"datePublished":"2019-11-05T13:22:12+00:00","dateModified":"2020-12-29T11:41:20+00:00","breadcrumb":{"@id":"https:\/\/novi24.pl\/de\/#breadcrumb"},"inLanguage":"de","potentialAction":[{"@type":"ReadAction","target":["https:\/\/novi24.pl\/de\/"]}]},{"@type":"BreadcrumbList","@id":"https:\/\/novi24.pl\/de\/#breadcrumb","itemListElement":[{"@type":"ListItem","position":1,"name":"Home","item":"https:\/\/novi24.pl\/de\/"},{"@type":"ListItem","position":2,"name":"Strona g\u0142\u00f3wna"}]}]}},"_links":{"self":[{"href":"https:\/\/novi24.pl\/de\/wp-json\/wp\/v2\/pages\/297"}],"collection":[{"href":"https:\/\/novi24.pl\/de\/wp-json\/wp\/v2\/pages"}],"about":[{"href":"https:\/\/novi24.pl\/de\/wp-json\/wp\/v2\/types\/page"}],"author":[{"embeddable":true,"href":"https:\/\/novi24.pl\/de\/wp-json\/wp\/v2\/users\/1"}],"replies":[{"embeddable":true,"href":"https:\/\/novi24.pl\/de\/wp-json\/wp\/v2\/comments?post=297"}],"version-history":[{"count":3,"href":"https:\/\/novi24.pl\/de\/wp-json\/wp\/v2\/pages\/297\/revisions"}],"predecessor-version":[{"id":365,"href":"https:\/\/novi24.pl\/de\/wp-json\/wp\/v2\/pages\/297\/revisions\/365"}],"wp:featuredmedia":[{"embeddable":true,"href":"https:\/\/novi24.pl\/de\/wp-json\/wp\/v2\/media\/299"}],"wp:attachment":[{"href":"https:\/\/novi24.pl\/de\/wp-json\/wp\/v2\/media?parent=297"}],"curies":[{"name":"wp","href":"https:\/\/api.w.org\/{rel}","templated":true}]}}